{"id":11,"date":"2016-11-08T19:45:30","date_gmt":"2016-11-08T19:45:30","guid":{"rendered":"http:\/\/mc-grauring.ch\/?page_id=11"},"modified":"2021-10-25T15:11:23","modified_gmt":"2021-10-25T13:11:23","slug":"ueber-uns","status":"publish","type":"page","link":"https:\/\/mc-grauring.ch\/?page_id=11","title":{"rendered":"\u00dcber uns"},"content":{"rendered":"<p><img loading=\"lazy\" class=\"wp-image-202 aligncenter\" src=\"http:\/\/mc-grauring.ch\/wp-content\/uploads\/2019\/11\/cropped-Logo-294x300.jpg\" alt=\"\" width=\"172\" height=\"175\" srcset=\"https:\/\/mc-grauring.ch\/wp-content\/uploads\/2019\/11\/cropped-Logo-294x300.jpg 294w, https:\/\/mc-grauring.ch\/wp-content\/uploads\/2019\/11\/cropped-Logo-768x782.jpg 768w, https:\/\/mc-grauring.ch\/wp-content\/uploads\/2019\/11\/cropped-Logo-1005x1024.jpg 1005w, https:\/\/mc-grauring.ch\/wp-content\/uploads\/2019\/11\/cropped-Logo.jpg 1284w\" sizes=\"(max-width: 172px) 100vw, 172px\" \/><\/p>\n<p>Erinnerst du dich an dein letztes Sommerlager? An die unz\u00e4hligen Stunden im Zelt und am Lagerfeuer? Schwelgst du ab und zu in der guten alten Zeit und denkst an deine Blauring-Gsp\u00e4ndli? Wir auch!<\/p>\n<p>Deshalb haben wir uns dazu entschieden, einen Ehemaligenverein zu gr\u00fcnden:<\/p>\n<p style=\"text-align: center;\"><strong>den Mitgliederclub Grauring Ebikon (MCGR).<\/strong><\/p>\n<p>Die Zeit im <a href=\"http:\/\/www.blauringebikon.ch\" target=\"_blank\" rel=\"noopener noreferrer\">Blauring Ebikon<\/a> hat uns gepr\u00e4gt und deshalb wollen wir mithelfen, Kindern \u00e4hnliche Erlebnisse zu erm\u00f6glichen. Wir unterst\u00fctzen den Blauring Ebikon an ihren Anl\u00e4ssen und besuchen die M\u00e4dchen im Sommerlager.<\/p>\n<p>Es soll aber auch Platz da sein, sich mit seinen ehemaligen Kolleginnen auszutauschen und Zeit miteinander zu verbringen. Deshalb gibt es f\u00fcr die Mitglieder des MCGR 3-4 Anl\u00e4sse pro Jahr, um die alten Blauringzeiten wieder aufleben zu lassen.<\/p>\n<p>Um die Anl\u00e4sse und die Unterst\u00fctzung f\u00fcr den Blauring zu gew\u00e4hrleisten, leistet jedes Mitglied einen Beitrag von CHF 50.<\/p>\n","protected":false},"excerpt":{"rendered":"<p>Erinnerst du dich an dein letztes Sommerlager? An die unz\u00e4hligen Stunden im Zelt und am Lagerfeuer? Schwelgst du ab und zu in der guten alten &hellip;<\/p>\n","protected":false},"author":1,"featured_media":0,"parent":0,"menu_order":0,"comment_status":"closed","ping_status":"closed","template":"","meta":[],"_links":{"self":[{"href":"https:\/\/mc-grauring.ch\/index.php?rest_route=\/wp\/v2\/pages\/11"}],"collection":[{"href":"https:\/\/mc-grauring.ch\/index.php?rest_route=\/wp\/v2\/pages"}],"about":[{"href":"https:\/\/mc-grauring.ch\/index.php?rest_route=\/wp\/v2\/types\/page"}],"author":[{"embeddable":true,"href":"https:\/\/mc-grauring.ch\/index.php?rest_route=\/wp\/v2\/users\/1"}],"replies":[{"embeddable":true,"href":"https:\/\/mc-grauring.ch\/index.php?rest_route=%2Fwp%2Fv2%2Fcomments&post=11"}],"version-history":[{"count":5,"href":"https:\/\/mc-grauring.ch\/index.php?rest_route=\/wp\/v2\/pages\/11\/revisions"}],"predecessor-version":[{"id":341,"href":"https:\/\/mc-grauring.ch\/index.php?rest_route=\/wp\/v2\/pages\/11\/revisions\/341"}],"wp:attachment":[{"href":"https:\/\/mc-grauring.ch\/index.php?rest_route=%2Fwp%2Fv2%2Fmedia&parent=11"}],"curies":[{"name":"wp","href":"https:\/\/api.w.org\/{rel}","templated":true}]}}