{"id":204,"date":"2019-11-18T14:37:17","date_gmt":"2019-11-18T13:37:17","guid":{"rendered":"http:\/\/mc-grauring.ch\/?page_id=204"},"modified":"2021-10-20T09:28:08","modified_gmt":"2021-10-20T07:28:08","slug":"blog","status":"publish","type":"page","link":"https:\/\/mc-grauring.ch\/","title":{"rendered":"Neuigkeiten"},"content":{"rendered":"<ul class=\"wp-block-latest-posts__list wp-block-latest-posts\"><li><a href=\"https:\/\/mc-grauring.ch\/?p=441\">Degustation bei Kidli<\/a><div class=\"wp-block-latest-posts__post-excerpt\">Gemeinsam haben wir an einem regnerischen Herbstnachmittag einen gelungenen Degustationsanlass bei Kidli Edelbr\u00e4nde verbracht.<\/div><\/li>\n<li><a href=\"https:\/\/mc-grauring.ch\/?p=428\">Wiedermal ein Sola &#8211; Tag<\/a><div class=\"wp-block-latest-posts__post-excerpt\">Um unseren ehemaligen Lieblingsverein zu unterst\u00fctzen ging es f\u00fcr uns zur\u00fcck ins Lagerleben. Einen Tag lang spielten, bastelten und assen wir in unserem Gemeinschaftszelt als w\u00e4re keine Zeit vergangen. Wie man aber unschwer erkennen kann, ist dies nicht ganz der Fall.<\/div><\/li>\n<li><a href=\"https:\/\/mc-grauring.ch\/?p=422\">Winteranlass 2024<\/a><div class=\"wp-block-latest-posts__post-excerpt\">Beim gem\u00fctlichen beisammen sein durften wir im Spr\u00f6tzeh\u00fcsli ein feines Fondue geniessen.<\/div><\/li>\n<li><a href=\"https:\/\/mc-grauring.ch\/?p=384\">Herbstwanderung 2023<\/a><div class=\"wp-block-latest-posts__post-excerpt\">Bei wundersch\u00f6nem Wetter haben wir uns zur allj\u00e4hrlich Herbstwanderung getroffen. Gemeinsam sind wir vom Eigenthal Talboden bis ins Regenfl\u00fceli gewandert.<\/div><\/li>\n<li><a href=\"https:\/\/mc-grauring.ch\/?p=381\">Generalversammlung am 28.04.2023<\/a><div class=\"wp-block-latest-posts__post-excerpt\">Unsere Generalversammlung findet wie jedes Jahr im JuBla-Haus in Ebikon mit anschliessendem Ap\u00e9ro statt. Wir freuen uns auf zahlreiches Erscheinen.<\/div><\/li>\n<\/ul>","protected":false},"excerpt":{"rendered":"","protected":false},"author":1,"featured_media":0,"parent":0,"menu_order":0,"comment_status":"closed","ping_status":"closed","template":"","meta":[],"_links":{"self":[{"href":"https:\/\/mc-grauring.ch\/index.php?rest_route=\/wp\/v2\/pages\/204"}],"collection":[{"href":"https:\/\/mc-grauring.ch\/index.php?rest_route=\/wp\/v2\/pages"}],"about":[{"href":"https:\/\/mc-grauring.ch\/index.php?rest_route=\/wp\/v2\/types\/page"}],"author":[{"embeddable":true,"href":"https:\/\/mc-grauring.ch\/index.php?rest_route=\/wp\/v2\/users\/1"}],"replies":[{"embeddable":true,"href":"https:\/\/mc-grauring.ch\/index.php?rest_route=%2Fwp%2Fv2%2Fcomments&post=204"}],"version-history":[{"count":3,"href":"https:\/\/mc-grauring.ch\/index.php?rest_route=\/wp\/v2\/pages\/204\/revisions"}],"predecessor-version":[{"id":322,"href":"https:\/\/mc-grauring.ch\/index.php?rest_route=\/wp\/v2\/pages\/204\/revisions\/322"}],"wp:attachment":[{"href":"https:\/\/mc-grauring.ch\/index.php?rest_route=%2Fwp%2Fv2%2Fmedia&parent=204"}],"curies":[{"name":"wp","href":"https:\/\/api.w.org\/{rel}","templated":true}]}}